{"id":36,"date":"2024-09-07T18:21:50","date_gmt":"2024-09-07T16:21:50","guid":{"rendered":"https:\/\/ewlo.olwedev.ovh\/?post_type=product&#038;p=36"},"modified":"2024-09-07T21:36:31","modified_gmt":"2024-09-07T19:36:31","slug":"test-1","status":"publish","type":"product","link":"https:\/\/ewlo.olwedev.ovh\/?product=test-1","title":{"rendered":"Bellevue"},"content":{"rendered":"<p>Ce mod\u00e8le int\u00e9gralement en bois a \u00e9t\u00e9 pourvu de syst\u00e8me de leds pour le romantisme et de bulles pour votre d\u00e9tente. Il vous offrira une relation privil\u00e9gi\u00e9e avec le noble mat\u00e9riau qu&rsquo;est le bois<\/p>\n","protected":false},"excerpt":{"rendered":"<p>Ce mod\u00e8le int\u00e9gralement en bois a \u00e9t\u00e9 pourvu de syst\u00e8me de leds pour le romantisme et de bulles pour votre d\u00e9tente. Il vous offrira une relation privil\u00e9gi\u00e9e avec le noble mat\u00e9riau qu&rsquo;est le bois<\/p>\n","protected":false},"featured_media":84,"comment_status":"open","ping_status":"closed","template":"","meta":[],"product_cat":[24],"product_tag":[],"class_list":{"0":"post-36","1":"product","2":"type-product","3":"status-publish","4":"has-post-thumbnail","6":"product_cat-non-classe","8":"first","9":"instock","10":"shipping-taxable","11":"purchasable","12":"product-type-simple"},"_links":{"self":[{"href":"https:\/\/ewlo.olwedev.ovh\/index.php?rest_route=\/wp\/v2\/product\/36"}],"collection":[{"href":"https:\/\/ewlo.olwedev.ovh\/index.php?rest_route=\/wp\/v2\/product"}],"about":[{"href":"https:\/\/ewlo.olwedev.ovh\/index.php?rest_route=\/wp\/v2\/types\/product"}],"replies":[{"embeddable":true,"href":"https:\/\/ewlo.olwedev.ovh\/index.php?rest_route=%2Fwp%2Fv2%2Fcomments&post=36"}],"wp:featuredmedia":[{"embeddable":true,"href":"https:\/\/ewlo.olwedev.ovh\/index.php?rest_route=\/wp\/v2\/media\/84"}],"wp:attachment":[{"href":"https:\/\/ewlo.olwedev.ovh\/index.php?rest_route=%2Fwp%2Fv2%2Fmedia&parent=36"}],"wp:term":[{"taxonomy":"product_cat","embeddable":true,"href":"https:\/\/ewlo.olwedev.ovh\/index.php?rest_route=%2Fwp%2Fv2%2Fproduct_cat&post=36"},{"taxonomy":"product_tag","embeddable":true,"href":"https:\/\/ewlo.olwedev.ovh\/index.php?rest_route=%2Fwp%2Fv2%2Fproduct_tag&post=36"}],"curies":[{"name":"wp","href":"https:\/\/api.w.org\/{rel}","templated":true}]}}